{"id":334,"date":"2020-03-09T19:11:38","date_gmt":"2020-03-09T19:11:38","guid":{"rendered":"http:\/\/www.sportcars-renting.lu\/fr\/?page_id=334"},"modified":"2020-03-09T19:11:39","modified_gmt":"2020-03-09T19:11:39","slug":"mentions-legales","status":"publish","type":"page","link":"https:\/\/www.sportcars-renting.lu\/fr\/mentions-legales\/","title":{"rendered":"Mentions L\u00e9gales"},"content":{"rendered":"\n<p>Copyright \u00a9<br>\nnouvelles assurances weiswampach<br>\nTous droits r\u00e9serv\u00e9s<br>\nEditeur responsable :<br>\nManfred Gehlen<br>\nnouvelles assurances weiswampach<br>\nKiricheneck 1<br>\nL-9990 Weiswampach<br>\nT\u00e9l.: +352 9799350<br>\nFax: +352 979957<br>\nnouvelles-ass@ef-group.eu<\/p>\n\n\n\n<p>Autor. gouv. 78313<br>\nConception &amp; R\u00e9alisation:<br>\nschroeder.j@mac.com<\/p>\n\n\n\n<h2>Informations l\u00e9gales :<\/h2>\n\n\n\n<p> Les textes, images, illustrations, fichiers audio, fichiers d&rsquo;animation et fichiers vid\u00e9o ainsi que leur disposition, figurant sur le pr\u00e9sent site Web, sont prot\u00e9g\u00e9s au titre des droits d&rsquo;auteur et d&rsquo;autres droits de protection. Le contenu de ce site Web ne peut pas \u00eatre copi\u00e9, diffus\u00e9, modifi\u00e9 ou mis \u00e0 la disposition d&rsquo;une tierce personne \u00e0 des fins commerciales. Le site Web contient en outre des photos soumises au copyright de tiers.<br> Le pr\u00e9sent site Web a \u00e9t\u00e9 r\u00e9alis\u00e9 avec un maximum de soins. Cependant, l&rsquo;\u00e9diteur responsable et les producteurs ne sauraient garantir l&rsquo;absence d&rsquo;erreurs et l&rsquo;exactitude des informations contenues. Ils d\u00e9clinent toute responsabilit\u00e9 pour tout dommage pouvant r\u00e9sulter directement ou indirectement de l&rsquo;usage de ce site.<\/p>\n\n\n\n<h2>Droits d&rsquo;utilisation :<\/h2>\n\n\n\n<p> La propri\u00e9t\u00e9 intellectuelle li\u00e9e au pr\u00e9sent site est prot\u00e9g\u00e9e. Au travers de la publication du pr\u00e9sent site, les producteurs n&rsquo;accordent pas de licence \u00e0 des tiers pour utiliser cette propri\u00e9t\u00e9.<br> La responsabilit\u00e9 des producteurs ne saurait \u00eatre engag\u00e9e pour les contenus (textes, photos, liens, y compris les droits d&rsquo;utilisation) ajout\u00e9s par les clients et leurs r\u00e9dacteurs.<\/p>\n\n\n\n<p>Dispositions relatives \u00e0 la protection des donn\u00e9es:<br> Ce chapitre d\u00e9crit la mani\u00e8re dont nous traitons les donn\u00e9es que nous obtenons lorsque vous visitez notre site Web.<br> Lorsque vous nous communiquez votre adresse E-mail ou d&rsquo;autres indications, p.ex. \u00e0 l&rsquo;occasion d&rsquo;une demande, nous nous engageons \u00e0 ne pas transmettre ces indications \u00e0 des tiers. Lorsque vous recevez des E-mail de notre part, ceux-ci sont toujours li\u00e9s \u00e0 vos indications ou le r\u00e9sultat de votre demande.<\/p>\n\n\n\n<p> Lorsque vous visitez un site Web, et donc \u00e9galement le n\u00f4tre, des donn\u00e9es sont consign\u00e9es dans de soi-disant logfiles et des indications relatives \u00e0 votre mani\u00e8re de naviguer sur le Web sont enregistr\u00e9es (date de la visite, heure, dur\u00e9e, pages appel\u00e9es, etc.). Mais n&rsquo;ayez crainte ! En tant que surfeur, vous resterez anonyme, car il est absolument impossible de d\u00e9terminer qui est assis devant l&rsquo;ordinateur.<br> Les indications que vous laissez derri\u00e8re vous sont uniquement utilis\u00e9es par nos soins \u00e0 des fins d&rsquo;analyse et pour am\u00e9liorer notre site Web ainsi que notre offre.<\/p>\n\n\n\n<p>N&rsquo;h\u00e9sitez pas \u00e0 nous contacter si vous souhaitez avoir des informations suppl\u00e9mentaires \u00e0 ce sujet.<\/p>\n","protected":false},"excerpt":{"rendered":"<p>Copyright \u00a9 nouvelles assurances weiswampach Tous droits r\u00e9serv\u00e9s Editeur responsable : Manfred Gehlen nouvelles assurances weiswampach Kiricheneck 1 L-9990 Weiswampach T\u00e9l.: +352 9799350 Fax: +352 979957 nouvelles-ass@ef-group.eu Autor. gouv. 78313 Conception &amp; R\u00e9alisation: schroeder.j@mac.com Informations l\u00e9gales : Les textes, images, illustrations, fichiers audio, fichiers d&rsquo;animation et fichiers vid\u00e9o ainsi que leur disposition, figurant sur le [&hellip;]<\/p>\n","protected":false},"author":1,"featured_media":0,"parent":0,"menu_order":0,"comment_status":"closed","ping_status":"closed","template":"index.php","meta":[],"_links":{"self":[{"href":"https:\/\/www.sportcars-renting.lu\/fr\/wp-json\/wp\/v2\/pages\/334"}],"collection":[{"href":"https:\/\/www.sportcars-renting.lu\/fr\/wp-json\/wp\/v2\/pages"}],"about":[{"href":"https:\/\/www.sportcars-renting.lu\/fr\/wp-json\/wp\/v2\/types\/page"}],"author":[{"embeddable":true,"href":"https:\/\/www.sportcars-renting.lu\/fr\/wp-json\/wp\/v2\/users\/1"}],"replies":[{"embeddable":true,"href":"https:\/\/www.sportcars-renting.lu\/fr\/wp-json\/wp\/v2\/comments?post=334"}],"version-history":[{"count":2,"href":"https:\/\/www.sportcars-renting.lu\/fr\/wp-json\/wp\/v2\/pages\/334\/revisions"}],"predecessor-version":[{"id":336,"href":"https:\/\/www.sportcars-renting.lu\/fr\/wp-json\/wp\/v2\/pages\/334\/revisions\/336"}],"wp:attachment":[{"href":"https:\/\/www.sportcars-renting.lu\/fr\/wp-json\/wp\/v2\/media?parent=334"}],"curies":[{"name":"wp","href":"https:\/\/api.w.org\/{rel}","templated":true}]}}