{"id":10,"date":"2016-05-22T11:53:37","date_gmt":"2016-05-22T11:53:37","guid":{"rendered":"http:\/\/www.sportcars-renting.lu\/fr\/?page_id=10"},"modified":"2018-01-22T14:23:16","modified_gmt":"2018-01-22T14:23:16","slug":"notre-societe","status":"publish","type":"page","link":"https:\/\/www.sportcars-renting.lu\/fr\/notre-societe\/","title":{"rendered":"Notre soci\u00e9t\u00e9"},"content":{"rendered":"<section class=\"container content\"><span style=\"color: #ffcc00\"><strong>Notre soci\u00e9t\u00e9 propose la location et la vente de voitures de sport et de prestige (anc\u00eatres aussi) ainsi que comme activit\u00e9 principale\u00a0:<\/strong><\/span><\/p>\n<h1>\u00ab\u00a0Financial and Fiscal Solutions\u00a0\u00bb<\/h1>\n<p>Pour une <strong>approche personnalis\u00e9e<\/strong> <strong>d\u2019optimisation fiscale et financi\u00e8re<\/strong> de vos d\u00e9cisions, dans l\u2019int\u00e9r\u00eat de <strong>votre patrimoine<\/strong> et de <strong>votre entreprise<\/strong> 6 sujets principaux nous tiennent \u00e0 c\u0153ur\u00a0:<\/p>\n<ul>\n<li>Etablir votre bilan <strong>patrimonial<\/strong> et <strong>successoral<\/strong> enl\u2019<strong>optimisant <\/strong>dans le cadre d\u2019un accompagnement permanent.<\/li>\n<li><strong>Financer<\/strong> au mieux <strong>votre immobilier partout en Europe \u00e0 des conditions imbattables<\/strong> (1,0% l\u2019an et enti\u00e8rement pay\u00e9 par votre entreprise pour vous. Vous n\u2019y allez pas de votre poche\u00a0!)<\/li>\n<li><strong>Assurer l\u2019avenir de votre entreprise<\/strong>\u00a0au sein de laquelle vous jouez un r\u00f4le important.<\/li>\n<li><strong>Faire fructifier votre patrimoine<\/strong> et celui de votre entreprise en toute <strong>s\u00e9curit\u00e9, rendement<\/strong> et <strong>optimisation fiscale<\/strong> et <strong>successorale<\/strong> comprise.<\/li>\n<li><strong>Constituer une fortune<\/strong> consid\u00e9rable sur le long terme moyennant un plan <strong>d\u2019\u00e9pargne mensuel<\/strong> (vous serez surpris de l\u2019effet de levier de l\u2019int\u00e9r\u00eat sur int\u00e9r\u00eat). Exemple\u00a0: <strong>doublez votre fortune<\/strong> gr\u00e2ce au rendement des 5 derni\u00e8res ann\u00e9es de notre portefeuille d\u00e9fensif <strong>sur 6 ans et 1\/2<\/strong>). \u00a0A commencer le plus t\u00f4t possible car une chose est s\u00fbre\u00a0: <strong>le belge ne saura pas vivre de sa pension l\u00e9gale\u00a0!!<\/strong><\/li>\n<\/ul>\n<p>Seule une <strong>approche globale<\/strong> am\u00e8ne des <strong>optimisations importantes<\/strong>. Contactez-nous pour un premier entretien sans engagement<\/p>\n<hr \/>\n<p><strong>Depuis 20 ans nous sommes votre partenaire de confiance, votre directeur financier externe ind\u00e9pendant.<\/strong><\/p>\n<\/section>\n","protected":false},"excerpt":{"rendered":"<p>Notre soci\u00e9t\u00e9 propose la location et la vente de voitures de sport et de prestige (anc\u00eatres aussi) ainsi que comme activit\u00e9 principale\u00a0: \u00ab\u00a0Financial and Fiscal Solutions\u00a0\u00bb Pour une approche personnalis\u00e9e d\u2019optimisation fiscale et financi\u00e8re de vos d\u00e9cisions, dans l\u2019int\u00e9r\u00eat de votre patrimoine et de votre entreprise 6 sujets principaux nous tiennent \u00e0 c\u0153ur\u00a0: Etablir votre [&hellip;]<\/p>\n","protected":false},"author":1,"featured_media":0,"parent":0,"menu_order":0,"comment_status":"closed","ping_status":"closed","template":"index.php","meta":[],"_links":{"self":[{"href":"https:\/\/www.sportcars-renting.lu\/fr\/wp-json\/wp\/v2\/pages\/10"}],"collection":[{"href":"https:\/\/www.sportcars-renting.lu\/fr\/wp-json\/wp\/v2\/pages"}],"about":[{"href":"https:\/\/www.sportcars-renting.lu\/fr\/wp-json\/wp\/v2\/types\/page"}],"author":[{"embeddable":true,"href":"https:\/\/www.sportcars-renting.lu\/fr\/wp-json\/wp\/v2\/users\/1"}],"replies":[{"embeddable":true,"href":"https:\/\/www.sportcars-renting.lu\/fr\/wp-json\/wp\/v2\/comments?post=10"}],"version-history":[{"count":9,"href":"https:\/\/www.sportcars-renting.lu\/fr\/wp-json\/wp\/v2\/pages\/10\/revisions"}],"predecessor-version":[{"id":183,"href":"https:\/\/www.sportcars-renting.lu\/fr\/wp-json\/wp\/v2\/pages\/10\/revisions\/183"}],"wp:attachment":[{"href":"https:\/\/www.sportcars-renting.lu\/fr\/wp-json\/wp\/v2\/media?parent=10"}],"curies":[{"name":"wp","href":"https:\/\/api.w.org\/{rel}","templated":true}]}}