{"id":13,"date":"2016-05-25T07:35:07","date_gmt":"2016-05-25T07:35:07","guid":{"rendered":"http:\/\/www.sportcars-renting.lu\/de\/?page_id=13"},"modified":"2026-03-27T12:31:35","modified_gmt":"2026-03-27T12:31:35","slug":"tarifs","status":"publish","type":"page","link":"https:\/\/www.sportcars-renting.lu\/de\/tarifs\/","title":{"rendered":"Preise"},"content":{"rendered":"<blockquote><p>Ma\u00dfgeschneiderte Mietkaufvertr\u00e4ge f\u00fcr Neu- und\u00a0Gebrauchtfahrzeuge.<br class=\"\" \/>Top-Konditionen!<br class=\"\" \/>Z\u00f6gern Sie nicht und kontaktieren Sie mich f\u00fcr ein konkretes Angebot.<br class=\"\" \/>Mobil: +32 475 77 39 72<\/p><\/blockquote>\n","protected":false},"excerpt":{"rendered":"<p>Ma\u00dfgeschneiderte Mietkaufvertr\u00e4ge f\u00fcr Neu- und\u00a0Gebrauchtfahrzeuge.Top-Konditionen!Z\u00f6gern Sie nicht und kontaktieren Sie mich f\u00fcr ein konkretes Angebot.Mobil: +32 475 77 39 72<\/p>\n","protected":false},"author":1,"featured_media":0,"parent":0,"menu_order":0,"comment_status":"closed","ping_status":"closed","template":"","meta":[],"_links":{"self":[{"href":"https:\/\/www.sportcars-renting.lu\/de\/wp-json\/wp\/v2\/pages\/13"}],"collection":[{"href":"https:\/\/www.sportcars-renting.lu\/de\/wp-json\/wp\/v2\/pages"}],"about":[{"href":"https:\/\/www.sportcars-renting.lu\/de\/wp-json\/wp\/v2\/types\/page"}],"author":[{"embeddable":true,"href":"https:\/\/www.sportcars-renting.lu\/de\/wp-json\/wp\/v2\/users\/1"}],"replies":[{"embeddable":true,"href":"https:\/\/www.sportcars-renting.lu\/de\/wp-json\/wp\/v2\/comments?post=13"}],"version-history":[{"count":24,"href":"https:\/\/www.sportcars-renting.lu\/de\/wp-json\/wp\/v2\/pages\/13\/revisions"}],"predecessor-version":[{"id":332,"href":"https:\/\/www.sportcars-renting.lu\/de\/wp-json\/wp\/v2\/pages\/13\/revisions\/332"}],"wp:attachment":[{"href":"https:\/\/www.sportcars-renting.lu\/de\/wp-json\/wp\/v2\/media?parent=13"}],"curies":[{"name":"wp","href":"https:\/\/api.w.org\/{rel}","templated":true}]}}