{"id":18,"date":"2016-05-22T11:54:59","date_gmt":"2016-05-22T11:54:59","guid":{"rendered":"http:\/\/www.sportcars-renting.lu\/fr\/?page_id=18"},"modified":"2026-03-27T12:32:45","modified_gmt":"2026-03-27T12:32:45","slug":"infos-generales","status":"publish","type":"page","link":"http:\/\/www.sportcars-renting.lu\/fr\/infos-generales\/","title":{"rendered":"Infos g\u00e9n\u00e9rales"},"content":{"rendered":"<p><span lang=\"fr-FR\">Facturation priv\u00e9e ou professionnelle.<\/span><\/p>\n<p><span lang=\"fr-FR\" style=\"color: #ffcc00\">Plaque luxembourgeoise pendant 6 mois pas de probl\u00e8me\u00a0!<\/span><\/p>\n<p><span lang=\"fr-FR\">Nous avons gagn\u00e9 un proc\u00e8s en justice contre l\u2019\u00e9tat belge et nous avons veill\u00e9 \u00e0 ce que les plaques \u00e9trang\u00e8res doivent \u00eatre tol\u00e9r\u00e9es en Belgique jusqu\u2019\u00e0 6 mois.<\/span><\/p>\n<p><span lang=\"fr-FR\" style=\"color: #ffcc00\">Tous les risques d\u2019assurances sont assur\u00e9s. Franchise 750\u20ac. La caution doit \u00eatre d\u00e9pos\u00e9e en esp\u00e8ces.<\/span><\/p>\n<p><span lang=\"fr-FR\">N\u2019est pas inclus le carburant, les amendes etc.<\/span><\/p>\n<p><span lang=\"fr-FR\" style=\"color: #ffcc00\">Conditions (exception sur demande) : avoir 35 ans, ne pas avoir \u00e9t\u00e9 responsable d\u2019un sinistre auto dans les 5 derni\u00e8res ann\u00e9es, ne pas avoir \u00e9t\u00e9 d\u00e9chu de son permis de conduire durant les 5 derni\u00e8res ann\u00e9es.<\/span><\/p>\n<p><span lang=\"fr-FR\">Tarif r\u00e9duit pour nos clients \u00ab\u00a0placements\u00a0\u00bb ou \u00ab\u00a0assurance groupe\u00a0\u00bb.<\/span><\/p>\n<p><span style=\"color: #ffcc00\"><span lang=\"fr-FR\">N\u2019h\u00e9sitez pas \u00e0 nous contacter pour votre demande sp\u00e9cifique. <\/span><span lang=\"de-DE\">Nous trouverons une solution\u00a0!<\/span><\/span><\/p>\n","protected":false},"excerpt":{"rendered":"<p>Facturation priv\u00e9e ou professionnelle. Plaque luxembourgeoise pendant 6 mois pas de probl\u00e8me\u00a0! Nous avons gagn\u00e9 un proc\u00e8s en justice contre l\u2019\u00e9tat belge et nous avons veill\u00e9 \u00e0 ce que les plaques \u00e9trang\u00e8res doivent \u00eatre tol\u00e9r\u00e9es en Belgique jusqu\u2019\u00e0 6 mois. Tous les risques d\u2019assurances sont assur\u00e9s. Franchise 750\u20ac. La caution doit \u00eatre d\u00e9pos\u00e9e en esp\u00e8ces. [&hellip;]<\/p>\n","protected":false},"author":1,"featured_media":0,"parent":0,"menu_order":0,"comment_status":"closed","ping_status":"closed","template":"","meta":[],"_links":{"self":[{"href":"http:\/\/www.sportcars-renting.lu\/fr\/wp-json\/wp\/v2\/pages\/18"}],"collection":[{"href":"http:\/\/www.sportcars-renting.lu\/fr\/wp-json\/wp\/v2\/pages"}],"about":[{"href":"http:\/\/www.sportcars-renting.lu\/fr\/wp-json\/wp\/v2\/types\/page"}],"author":[{"embeddable":true,"href":"http:\/\/www.sportcars-renting.lu\/fr\/wp-json\/wp\/v2\/users\/1"}],"replies":[{"embeddable":true,"href":"http:\/\/www.sportcars-renting.lu\/fr\/wp-json\/wp\/v2\/comments?post=18"}],"version-history":[{"count":4,"href":"http:\/\/www.sportcars-renting.lu\/fr\/wp-json\/wp\/v2\/pages\/18\/revisions"}],"predecessor-version":[{"id":449,"href":"http:\/\/www.sportcars-renting.lu\/fr\/wp-json\/wp\/v2\/pages\/18\/revisions\/449"}],"wp:attachment":[{"href":"http:\/\/www.sportcars-renting.lu\/fr\/wp-json\/wp\/v2\/media?parent=18"}],"curies":[{"name":"wp","href":"https:\/\/api.w.org\/{rel}","templated":true}]}}