{"id":14,"date":"2016-05-22T11:54:38","date_gmt":"2016-05-22T11:54:38","guid":{"rendered":"http:\/\/www.sportcars-renting.lu\/fr\/?page_id=14"},"modified":"2026-03-27T12:31:12","modified_gmt":"2026-03-27T12:31:12","slug":"tarifs","status":"publish","type":"page","link":"http:\/\/www.sportcars-renting.lu\/fr\/tarifs\/","title":{"rendered":"Tarifs"},"content":{"rendered":"<blockquote><p>Contrats location-achat sur mesure pour voitures\u00a0neuves et d\u2019occasion.<br class=\"\" \/>Des conditions exceptionnelles !<br class=\"\" \/>N\u2019h\u00e9sitez pas \u00e0 me contacter pour obtenir une offre personnalis\u00e9e.<br class=\"\" \/>GSM : +32 475 77 39 72<\/p><\/blockquote>\n","protected":false},"excerpt":{"rendered":"<p>Contrats location-achat sur mesure pour voitures\u00a0neuves et d\u2019occasion.Des conditions exceptionnelles !N\u2019h\u00e9sitez pas \u00e0 me contacter pour obtenir une offre personnalis\u00e9e.GSM : +32 475 77 39 72<\/p>\n","protected":false},"author":1,"featured_media":0,"parent":0,"menu_order":0,"comment_status":"closed","ping_status":"closed","template":"index.php","meta":[],"_links":{"self":[{"href":"http:\/\/www.sportcars-renting.lu\/fr\/wp-json\/wp\/v2\/pages\/14"}],"collection":[{"href":"http:\/\/www.sportcars-renting.lu\/fr\/wp-json\/wp\/v2\/pages"}],"about":[{"href":"http:\/\/www.sportcars-renting.lu\/fr\/wp-json\/wp\/v2\/types\/page"}],"author":[{"embeddable":true,"href":"http:\/\/www.sportcars-renting.lu\/fr\/wp-json\/wp\/v2\/users\/1"}],"replies":[{"embeddable":true,"href":"http:\/\/www.sportcars-renting.lu\/fr\/wp-json\/wp\/v2\/comments?post=14"}],"version-history":[{"count":28,"href":"http:\/\/www.sportcars-renting.lu\/fr\/wp-json\/wp\/v2\/pages\/14\/revisions"}],"predecessor-version":[{"id":448,"href":"http:\/\/www.sportcars-renting.lu\/fr\/wp-json\/wp\/v2\/pages\/14\/revisions\/448"}],"wp:attachment":[{"href":"http:\/\/www.sportcars-renting.lu\/fr\/wp-json\/wp\/v2\/media?parent=14"}],"curies":[{"name":"wp","href":"https:\/\/api.w.org\/{rel}","templated":true}]}}