{"id":6,"date":"2016-05-25T07:35:07","date_gmt":"2016-05-25T07:35:07","guid":{"rendered":"http:\/\/www.sportcars-renting.lu\/de\/?page_id=6"},"modified":"2018-01-22T14:23:16","modified_gmt":"2018-01-22T14:23:16","slug":"notre-societe","status":"publish","type":"page","link":"http:\/\/www.sportcars-renting.lu\/de\/notre-societe\/","title":{"rendered":"Unser Unternehmen"},"content":{"rendered":"<section class=\"container content\"><span style=\"color: #002060\"><span lang=\"de-DE\"><b><span style=\"color: #ffcc00\">Unser Unternehmen ist im Leasing und Verkauf von Sport- und Luxusfahrzeugen (auch Oldtimer) t\u00e4tig. Unsere Hauptaktivit\u00e4t besteht jedoch in<\/span> <\/b><\/span><\/span><\/p>\n<h1>\u00ab\u00a0Financial and Fiscal Solutions\u00a0\u00bb<\/h1>\n<p><span lang=\"de-DE\">F\u00fcr eine <\/span><span lang=\"de-DE\"><strong>pers\u00f6nlich<\/strong> <strong>auf Sie zugeschnittene<\/strong><\/span><span lang=\"de-DE\"> Finanz- und Steueroptimierung im Interesse <\/span><span lang=\"de-DE\"><strong>Ihres Verm\u00f6gens<\/strong> <\/span><span lang=\"de-DE\">und <\/span><span lang=\"de-DE\"><strong>Ihres Unternehmens<\/strong> liegen uns 6 Themen besonders am Herzen:<\/span><\/p>\n<ul>\n<li><span lang=\"de-DE\">die Erstellung Ihrer <\/span><strong><span lang=\"de-DE\">Verm\u00f6gens-<\/span><\/strong><span lang=\"de-DE\"> und <\/span><strong><span lang=\"de-DE\">Erbschaftsbilanz inklusive Optimierung,<\/span><\/strong><span lang=\"de-DE\"> indem wir Ihnen eine permanente Begleitung zusichern.<\/span><\/li>\n<li><strong><span lang=\"de-DE\">die Finanzierung Ihrer Immobilie \u00fcberall in Europa zu unschlagbaren Konditionen<\/span><\/strong><span lang=\"de-DE\"> (1,0% pro Jahr und komplett f\u00fcr Sie gezahlt durch Ihr Unternehmen. Sie brauchen nicht in die eigene Tasche zu greifen!)<\/span><\/li>\n<li><strong><span lang=\"de-DE\">die Absicherung der Zukunft Ihres Unternehmens<\/span><\/strong><span lang=\"de-DE\"> in dem Sie\u00a0<\/span>eine Schl\u00fcsselfigur darstellen.<\/li>\n<li><span lang=\"de-DE\"><strong>die Entwicklung Ihres Verm\u00f6gens<\/strong> <\/span><span lang=\"de-DE\">und das<\/span><strong><span lang=\"de-DE\"> Ihres Unternehmens<\/span><\/strong><span lang=\"de-DE\"> und dies unter Ber\u00fccksichtigung der 4 folgenden Kriterien: <\/span><strong><span lang=\"de-DE\">Sicherheit, Rendite, Finanz-<\/span><\/strong><span lang=\"de-DE\"> und <\/span><strong><span lang=\"de-DE\">Steueroptimierung<\/span><\/strong><span lang=\"de-DE\">.<\/span><\/li>\n<li><span lang=\"de-DE\"><strong>Die Erwirtschaftung eines betr\u00e4chtlichen Verm\u00f6gens<\/strong> <\/span><span lang=\"de-DE\">auf lange Sicht<\/span> <span lang=\"de-DE\">durch <\/span><strong><span lang=\"de-DE\">monatliches Sparen<\/span><\/strong><span lang=\"de-DE\"> (Sie werden vom Hebeleffekt der Zinseszinsen erstaunt sein). Beispiel: die <strong>Verdoppelung Ihres Verm\u00f6gens auf 6 \u00bd Jahre<\/strong> basierend auf der Rendite unseres defensiven Musterportefeuilles \u00fcber die letzten 5 Jahre!). Beginnen Sie so fr\u00fch wie m\u00f6glich, denn eines ist sicher: <\/span><strong><span lang=\"de-DE\"> der Belgier wird nicht von seiner gesetzlichen Rente leben k\u00f6nnen!!<\/span><\/strong><\/li>\n<\/ul>\n<p><span lang=\"de-DE\">Nur <strong>eine globale Analyse<\/strong> f\u00fchrt zu <strong>gro\u00dfen Optimierungen<\/strong>. Kontaktieren Sie uns f\u00fcr ein erstes unverbindliches Gespr\u00e4ch.<\/span><\/p>\n<hr \/>\n<p><strong><span lang=\"de-DE\">Seit <\/span><span lang=\"de-DE\">20 Jahren <\/span><span lang=\"de-DE\">der externe <\/span><span lang=\"de-DE\">Berater Ihres Vertrauens<\/span><span lang=\"de-DE\">, Ihr <\/span><span lang=\"de-DE\">unabh\u00e4ngiger<\/span><span lang=\"de-DE\"> Partner in Sachen Finanz- und Erbschaftsoptimierung.<\/span><\/strong><\/p>\n<\/section>\n","protected":false},"excerpt":{"rendered":"<p>Unser Unternehmen ist im Leasing und Verkauf von Sport- und Luxusfahrzeugen (auch Oldtimer) t\u00e4tig. Unsere Hauptaktivit\u00e4t besteht jedoch in \u00ab\u00a0Financial and Fiscal Solutions\u00a0\u00bb F\u00fcr eine pers\u00f6nlich auf Sie zugeschnittene Finanz- und Steueroptimierung im Interesse Ihres Verm\u00f6gens und Ihres Unternehmens liegen uns 6 Themen besonders am Herzen: die Erstellung Ihrer Verm\u00f6gens- und Erbschaftsbilanz inklusive Optimierung, indem [&hellip;]<\/p>\n","protected":false},"author":1,"featured_media":0,"parent":0,"menu_order":0,"comment_status":"closed","ping_status":"closed","template":"","meta":[],"_links":{"self":[{"href":"http:\/\/www.sportcars-renting.lu\/de\/wp-json\/wp\/v2\/pages\/6"}],"collection":[{"href":"http:\/\/www.sportcars-renting.lu\/de\/wp-json\/wp\/v2\/pages"}],"about":[{"href":"http:\/\/www.sportcars-renting.lu\/de\/wp-json\/wp\/v2\/types\/page"}],"author":[{"embeddable":true,"href":"http:\/\/www.sportcars-renting.lu\/de\/wp-json\/wp\/v2\/users\/1"}],"replies":[{"embeddable":true,"href":"http:\/\/www.sportcars-renting.lu\/de\/wp-json\/wp\/v2\/comments?post=6"}],"version-history":[{"count":9,"href":"http:\/\/www.sportcars-renting.lu\/de\/wp-json\/wp\/v2\/pages\/6\/revisions"}],"predecessor-version":[{"id":130,"href":"http:\/\/www.sportcars-renting.lu\/de\/wp-json\/wp\/v2\/pages\/6\/revisions\/130"}],"wp:attachment":[{"href":"http:\/\/www.sportcars-renting.lu\/de\/wp-json\/wp\/v2\/media?parent=6"}],"curies":[{"name":"wp","href":"https:\/\/api.w.org\/{rel}","templated":true}]}}