{"id":269,"date":"2020-03-09T19:30:14","date_gmt":"2020-03-09T19:30:14","guid":{"rendered":"http:\/\/www.sportcars-renting.lu\/de\/?page_id=269"},"modified":"2020-03-09T19:30:15","modified_gmt":"2020-03-09T19:30:15","slug":"impressum","status":"publish","type":"page","link":"http:\/\/www.sportcars-renting.lu\/de\/impressum\/","title":{"rendered":"Impressum"},"content":{"rendered":"\n<p>Copyright \u00a9<br>\nnouvelles assurances weiswampach<br>\nAlle Rechte Vorbehalten<br>\nVerantwortlicher Herausgeber:<br>\nManfred Gehlen<br>\nnouvelles assurances weiswampach<br>\nKiricheneck 1<br>\nL-9990 Weiswampach<br>\nTel.: +352 9799350<br>\nFax: +352 979957<br>\nnouvelles-ass@ef-group.eu<\/p>\n\n\n\n<p>Autor. gouv. 78313<br>\nKonzept &amp; Realisation:<br>\nschroeder.j@mac.com<\/p>\n\n\n\n<p>Auf dieser Webseite finden Sie Verkn\u00fcpfungen zu anderen Webseiten. Wir \u00fcbernehmen keine Verantwortung f\u00fcr die Richtigkeit der auf diesen Webseiten bereitgestellten Informationen, was auch f\u00fcr weiterf\u00fchrende Links von dort gilt. Wir stimmen nicht in jedem Fall mit den dort vertretenen Meinungen \u00fcberein. Diese Erkl\u00e4rung gilt f\u00fcr alle auf unserer Homepage angegebenen Links und s\u00e4mtliche Inhalte der Seiten, zu denen diese Links f\u00fchren.<\/p>\n\n\n\n<h2>Hinweis<\/h2>\n\n\n\n<p> Text, Bilder, Grafiken, Sound, Animationen und Videos sowie deren Anordnung auf dieser Website unterliegen dem Schutz des Urheberrechts und anderer Schutzgesetze. Der Inhalt dieser Website darf nicht zu kommerziellen Zwecken kopiert, verbreitet, ver\u00e4ndert oder Dritten zug\u00e4nglich gemacht werden. Die Website enth\u00e4lt au\u00dferdem Bilder, die dem Copyright Dritter unterliegen.<\/p>\n\n\n\n<p>Diese Website wurde mit gr\u00f6\u00dftm\u00f6glicher Sorgfalt zusammengestellt. Trotzdem k\u00f6nnen der verantwortliche Herausgeber und die Produzenten f\u00fcr die Fehlerfreiheit und Genauigkeit der enthaltenen Informationen nicht garantieren. Sie schlie\u00dfen jegliche Haftung f\u00fcr Sch\u00e4den, die direkt oder indirekt aus der Benutzung dieser Website entstehen, aus.<\/p>\n\n\n\n<h2>Nutzungsrechte<\/h2>\n\n\n\n<p> Das in der Website enthaltene geistige Eigentum ist gesch\u00fctzt. Durch die Ver\u00f6ffentlichung dieser Website erteilen die Produzenten keine Lizenz zur Nutzung dieses Eigentums an Dritte. Die Produzenten k\u00f6nnen nicht f\u00fcr den durch den Kunden und dessen Redakteure eingepflegten bzw. zur Verf\u00fcgung gestellten Inhalte (Texte, Bilder, Links inklusive Nutzungsrechte) verantwortlich gemacht werden.<\/p>\n","protected":false},"excerpt":{"rendered":"<p>Copyright \u00a9 nouvelles assurances weiswampach Alle Rechte Vorbehalten Verantwortlicher Herausgeber: Manfred Gehlen nouvelles assurances weiswampach Kiricheneck 1 L-9990 Weiswampach Tel.: +352 9799350 Fax: +352 979957 nouvelles-ass@ef-group.eu Autor. gouv. 78313 Konzept &amp; Realisation: schroeder.j@mac.com Auf dieser Webseite finden Sie Verkn\u00fcpfungen zu anderen Webseiten. Wir \u00fcbernehmen keine Verantwortung f\u00fcr die Richtigkeit der auf diesen Webseiten bereitgestellten Informationen, [&hellip;]<\/p>\n","protected":false},"author":1,"featured_media":0,"parent":0,"menu_order":0,"comment_status":"closed","ping_status":"closed","template":"","meta":[],"_links":{"self":[{"href":"http:\/\/www.sportcars-renting.lu\/de\/wp-json\/wp\/v2\/pages\/269"}],"collection":[{"href":"http:\/\/www.sportcars-renting.lu\/de\/wp-json\/wp\/v2\/pages"}],"about":[{"href":"http:\/\/www.sportcars-renting.lu\/de\/wp-json\/wp\/v2\/types\/page"}],"author":[{"embeddable":true,"href":"http:\/\/www.sportcars-renting.lu\/de\/wp-json\/wp\/v2\/users\/1"}],"replies":[{"embeddable":true,"href":"http:\/\/www.sportcars-renting.lu\/de\/wp-json\/wp\/v2\/comments?post=269"}],"version-history":[{"count":1,"href":"http:\/\/www.sportcars-renting.lu\/de\/wp-json\/wp\/v2\/pages\/269\/revisions"}],"predecessor-version":[{"id":270,"href":"http:\/\/www.sportcars-renting.lu\/de\/wp-json\/wp\/v2\/pages\/269\/revisions\/270"}],"wp:attachment":[{"href":"http:\/\/www.sportcars-renting.lu\/de\/wp-json\/wp\/v2\/media?parent=269"}],"curies":[{"name":"wp","href":"https:\/\/api.w.org\/{rel}","templated":true}]}}