{"id":11,"date":"2016-05-25T07:35:07","date_gmt":"2016-05-25T07:35:07","guid":{"rendered":"http:\/\/www.sportcars-renting.lu\/de\/?page_id=11"},"modified":"2026-03-27T12:33:10","modified_gmt":"2026-03-27T12:33:10","slug":"infos-generales","status":"publish","type":"page","link":"http:\/\/www.sportcars-renting.lu\/de\/infos-generales\/","title":{"rendered":"Allgemeine Informationen"},"content":{"rendered":"<p><span lang=\"de-DE\">Rechnung privat oder auf Ihr Unternehmen.<\/span><\/p>\n<p><span lang=\"de-DE\"><span style=\"color: #ffcc00\">Luxemburger Nummernschild w\u00e4hrend 6 Monaten &#8211; kein Problem!<\/span> <\/span><\/p>\n<p><span lang=\"de-DE\">Wir haben vor 5 Jahren durch einen Prozess gegen den belgischen Staat daf\u00fcr gesorgt, dass ausl\u00e4ndische Schilder bis zu 6 Monaten in Belgien toleriert werden m\u00fcssen.<\/span><\/p>\n<p><span style=\"color: #ffcc00\"><span lang=\"de-DE\">Alle Versicherungsrisiken sind versichert. Selbstbeteiligung 750\u20ac. Kaution ist in bar zu hinterlegen.<\/span><\/span><\/p>\n<p><span lang=\"de-DE\">Nicht einbegriffen sind Benzin, Strafzettel, usw.<\/span><\/p>\n<p><span style=\"color: #ffcc00\"><span lang=\"de-DE\">Bedingungen (Ausnahmen sind m\u00f6glich): 35 Jahre alt, keinen Unfall die letzten 5 Jahre, keinen F\u00fchrerscheinentzug die letzten 5 Jahre.<\/span><\/span><\/p>\n<p><span lang=\"de-DE\">Tariferm\u00e4\u00dfigung f\u00fcr unsere Finanz- und Steuerkunden.<\/span><\/p>\n<p><span style=\"color: #ffcc00\"><span lang=\"de-DE\">Z\u00f6gern Sie nicht und kontaktieren Sie uns f\u00fcr Ihren spezifischen Wunsch. Wir werden eine L\u00f6sung finden!<\/span><\/span><\/p>\n<p><span style=\"color: #ffcc00\"><span lang=\"de-DE\">\u00a0<\/span><\/span><\/p>\n","protected":false},"excerpt":{"rendered":"<p>Rechnung privat oder auf Ihr Unternehmen. Luxemburger Nummernschild w\u00e4hrend 6 Monaten &#8211; kein Problem! Wir haben vor 5 Jahren durch einen Prozess gegen den belgischen Staat daf\u00fcr gesorgt, dass ausl\u00e4ndische Schilder bis zu 6 Monaten in Belgien toleriert werden m\u00fcssen. Alle Versicherungsrisiken sind versichert. Selbstbeteiligung 750\u20ac. Kaution ist in bar zu hinterlegen. Nicht einbegriffen sind [&hellip;]<\/p>\n","protected":false},"author":1,"featured_media":0,"parent":0,"menu_order":0,"comment_status":"closed","ping_status":"closed","template":"","meta":[],"_links":{"self":[{"href":"http:\/\/www.sportcars-renting.lu\/de\/wp-json\/wp\/v2\/pages\/11"}],"collection":[{"href":"http:\/\/www.sportcars-renting.lu\/de\/wp-json\/wp\/v2\/pages"}],"about":[{"href":"http:\/\/www.sportcars-renting.lu\/de\/wp-json\/wp\/v2\/types\/page"}],"author":[{"embeddable":true,"href":"http:\/\/www.sportcars-renting.lu\/de\/wp-json\/wp\/v2\/users\/1"}],"replies":[{"embeddable":true,"href":"http:\/\/www.sportcars-renting.lu\/de\/wp-json\/wp\/v2\/comments?post=11"}],"version-history":[{"count":3,"href":"http:\/\/www.sportcars-renting.lu\/de\/wp-json\/wp\/v2\/pages\/11\/revisions"}],"predecessor-version":[{"id":333,"href":"http:\/\/www.sportcars-renting.lu\/de\/wp-json\/wp\/v2\/pages\/11\/revisions\/333"}],"wp:attachment":[{"href":"http:\/\/www.sportcars-renting.lu\/de\/wp-json\/wp\/v2\/media?parent=11"}],"curies":[{"name":"wp","href":"https:\/\/api.w.org\/{rel}","templated":true}]}}